{"id":1925,"date":"2021-07-22T16:52:47","date_gmt":"2021-07-22T14:52:47","guid":{"rendered":"https:\/\/www.cotodegomariz.com\/?page_id=1925"},"modified":"2025-01-08T15:13:45","modified_gmt":"2025-01-08T14:13:45","slug":"inicio","status":"publish","type":"page","link":"https:\/\/www.cotodegomariz.com\/en\/","title":{"rendered":"Home"},"content":{"rendered":"<p>[vc_row el_class=&#8221;section-home-bodega-en&#8221;][vc_column css=&#8221;.vc_custom_1463642208790{margin-top: 0.25rem !important;}&#8221;]<div class=\"sc_parallax margin_top_huge\" data-parallax-speed=\"0\" data-parallax-x-pos=\"50%\" data-parallax-y-pos=\"50%\" data-animation=\"animated fadeInUp normal\"><div class=\"sc_parallax_content\" style=\"background-image:url(https:\/\/www.cotodegomariz.com\/wp-content\/uploads\/2020\/10\/wellcome.jpg); background-position:50% 50%;\"><div class=\"sc_section alignright column-1_3\" style=\"text-align: right;\"><div class=\"sc_section_inner\"><div class=\"sc_section_content_wrap\"><a href=\"https:\/\/www.cotodegomariz.com\/en\/the-winery\/\" class=\"sc_button sc_button_square sc_button_style_filled sc_button_size_medium margin_top_super_huge  sc_button_iconed icon-arrow\">THE WINERY<\/a><\/div><\/div><\/div><div class=\"sc_section margin_top_null margin_right_null margin_bottom_null margin_left_null section_style_inverse alignleft\" style=\"max-width:470px; text-align: center;\"><div class=\"sc_section_inner\"><h6 class=\"sc_section_subtitle sc_item_subtitle\">Winery<\/h6><h3 class=\"sc_section_title sc_item_title\">Coto de Gomariz<\/h3><div class=\"sc_section_descr sc_item_descr\">Coto de Gomariz is a pioneering winery which showcases the fact that there is much more to Ribeiro than just the white wines, in fact there are very attractive and characterful reds too. The winery also has a distillery where they carry out investigations into liquors and distilled drinks, such as their Coffee Liqueur.<\/div><div class=\"sc_section_content_wrap\">[vc_empty_space height=&#8221;40px&#8221;]<\/div><\/div><\/div><\/div><\/div>[\/vc_column][\/vc_row][vc_row][vc_column]<div id=\"sc_services_512625287_wrap\" class=\"sc_services_wrap\"><div id=\"sc_services_512625287\" class=\"sc_services sc_services_style_services-1 sc_services_type_icons  margin_bottom_small slyle_serv_transparent\" style=\"margin-top: 1.6rem;width:100%;\" data-animation=\"animated fadeInUp normal\"><div class=\"sc_columns columns_wrap\"><div class=\"column-1_4 column_padding_bottom\">\t\t\t<div id=\"sc_services_512625287_1\"\t\t\t\tclass=\"sc_services_item sc_services_item_1 odd first\"\n\t\t\t\t>\n\t\t\t\t<a href=\"https:\/\/www.cotodegomariz.com\/en\/the-winery\/\"><span class=\"sc_icon icon-icon1\"><\/span><\/a>\t\t\t\t<div class=\"sc_services_item_content\">\n\t\t\t\t\t<h6 class=\"sc_services_item_title\"><a href=\"https:\/\/www.cotodegomariz.com\/en\/the-winery\/\">Concept<\/a><\/h6>\n\t\t\t\t\t<div class=\"sc_services_item_description\">\n\t\t\t\t\t\t<p>Coto de Gomariz, a family tradition winery where tradition and new technologies go hand in hand<br \/><\/p><a href=\"https:\/\/www.cotodegomariz.com\/en\/the-winery\/\" class=\"sc_button sc_button_square sc_button_style_filled sc_button_size_small\">Learn More<\/a>\t\t\t\t\t<\/div>\n\t\t\t\t<\/div>\n\t\t\t<\/div>\n\t\t<\/div><div class=\"column-1_4 column_padding_bottom\">\t\t\t<div id=\"sc_services_512625287_2\"\t\t\t\tclass=\"sc_services_item sc_services_item_2 even\"\n\t\t\t\t>\n\t\t\t\t<a href=\"https:\/\/www.cotodegomariz.com\/en\/history\/\"><span class=\"sc_icon icon-icon2\"><\/span><\/a>\t\t\t\t<div class=\"sc_services_item_content\">\n\t\t\t\t\t<h6 class=\"sc_services_item_title\"><a href=\"https:\/\/www.cotodegomariz.com\/en\/history\/\">HISTORY<\/a><\/h6>\n\t\t\t\t\t<div class=\"sc_services_item_description\">\n\t\t\t\t\t\t<p>Founded in the 70\u2019s, the winery has a long history winning many distinguished awards in the wine world.<\/p><a href=\"https:\/\/www.cotodegomariz.com\/en\/history\/\" class=\"sc_button sc_button_square sc_button_style_filled sc_button_size_small\">Learn More<\/a>\t\t\t\t\t<\/div>\n\t\t\t\t<\/div>\n\t\t\t<\/div>\n\t\t<\/div><div class=\"column-1_4 column_padding_bottom\">\t\t\t<div id=\"sc_services_512625287_3\"\t\t\t\tclass=\"sc_services_item sc_services_item_3 odd\"\n\t\t\t\t>\n\t\t\t\t<a href=\"https:\/\/www.cotodegomariz.com\/en\/terroir\/\"><span class=\"sc_icon icon-icon3\"><\/span><\/a>\t\t\t\t<div class=\"sc_services_item_content\">\n\t\t\t\t\t<h6 class=\"sc_services_item_title\"><a href=\"https:\/\/www.cotodegomariz.com\/en\/terroir\/\">TERROIR<\/a><\/h6>\n\t\t\t\t\t<div class=\"sc_services_item_description\">\n\t\t\t\t\t\t<p>Gomariz is a unique estate in itself: a rural area with a set of certain geographic and topographical characteristics.<\/p><a href=\"https:\/\/www.cotodegomariz.com\/en\/terroir\/\" class=\"sc_button sc_button_square sc_button_style_filled sc_button_size_small\">Learn More<\/a>\t\t\t\t\t<\/div>\n\t\t\t\t<\/div>\n\t\t\t<\/div>\n\t\t<\/div><div class=\"column-1_4 column_padding_bottom\">\t\t\t<div id=\"sc_services_512625287_4\"\t\t\t\tclass=\"sc_services_item sc_services_item_4 even\"\n\t\t\t\t>\n\t\t\t\t<a href=\"https:\/\/www.cotodegomariz.com\/en\/comercializacion\/\"><span class=\"sc_icon icon-icon4\"><\/span><\/a>\t\t\t\t<div class=\"sc_services_item_content\">\n\t\t\t\t\t<h6 class=\"sc_services_item_title\"><a href=\"https:\/\/www.cotodegomariz.com\/en\/comercializacion\/\">COMMERCIALISATION<\/a><\/h6>\n\t\t\t\t\t<div class=\"sc_services_item_description\">\n\t\t\t\t\t\t<p>Our products are distributed all over the world by our sales department. Know our importers &amp; distributors<\/p><a href=\"https:\/\/www.cotodegomariz.com\/en\/comercializacion\/\" class=\"sc_button sc_button_square sc_button_style_filled sc_button_size_small\">Learn More<\/a>\t\t\t\t\t<\/div>\n\t\t\t\t<\/div>\n\t\t\t<\/div>\n\t\t<\/div><\/div><\/div><!-- \/.sc_services --><\/div><!-- \/.sc_services_wrap -->[\/vc_column][\/vc_row][vc_row full_width=&#8221;stretch_row&#8221; css=&#8221;.vc_custom_1602755520699{background-image: url(https:\/\/www.cotodegomariz.com\/wp-content\/uploads\/2020\/10\/bg_product-1.jpg?id=875) !important;}&#8221;][vc_column width=&#8221;5\/12&#8243; css=&#8221;.vc_custom_1463576070137{margin-bottom: 0.85rem !important;}&#8221;]<div class=\"sc_section sc_section_block margin_top_super_huge margin_bottom_huge aligncenter\" data-animation=\"animated fadeInUp normal\"><div class=\"sc_section_inner\"><div class=\"sc_section_content_wrap\">[vc_empty_space height=&#8221;3.7em&#8221;]<h6 class=\"sc_title sc_title_regular testimonial-h6-title \" style=\"margin-bottom: 1.5rem;color:#c09d72;\">WHITE AND RED WINES<\/h6><h1 class=\"sc_title sc_title_underline sc_align_center margin_top_null\" style=\"line-height: 1;text-align:center;color:#ffffff;\">D.O. RIBEIRO<\/h1><\/div><\/div><\/div>[\/vc_column][vc_column width=&#8221;7\/12&#8243;]<div id=\"sc_testimonials_224612844\" class=\"sc_testimonials sc_testimonials_style_testimonials-2  testimonials_product\" data-animation=\"animated fadeInUp normal\" style=\"width:100%;\"><div class=\"sc_slider_swiper swiper-slider-container sc_slider_nopagination sc_slider_controls sc_slider_controls_side\" data-interval=\"7101\" data-slides-min-width=\"250\"><div class=\"slides swiper-wrapper\"><div class=\"swiper-slide\" data-style=\"width:100%;\" style=\"width:100%;\">\t\t\t<div id=\"sc_testimonials_224612844_1\" class=\"sc_testimonial_item\">\n\t\t\t\t<div class=\"sc_testimonial_content\"><figure class=\"sc_image  alignleft sc_image_shape_square slide-wine margin_right_small\"><img src=\"https:\/\/www.cotodegomariz.com\/wp-content\/uploads\/2020\/12\/coto-de-gomariz-1.png\" alt=\"\" \/><\/figure><div class=\"sc_section sc_section_block margin_top_super_huge\"><div class=\"sc_section_inner\"><div class=\"sc_section_content_wrap\">[vc_empty_space height=&#8221;4.7em&#8221; el_class=&#8221;margin_top_huge&#8221;]<div class=\"sc_section\"><div class=\"sc_section_inner\"><div class=\"sc_section_content_wrap\"><span class=\"sc_highlight\" style=\"color:#ffffff;font-size:1em; line-height: 1.9em;\">The white wine best expresses the terroir of Gomariz because it is made only from the most well-adapted white grapes. <\/span>[vc_empty_space height=&#8221;15px&#8221;][vc_raw_html]JTNDYSUyMGNsYXNzJTNEJTIyc2NfYnV0dG9uJTIwc2NfYnV0dG9uX3NxdWFyZSUyMHNjX2J1dHRvbl9zdHlsZV9maWxsZWQlMjBzY19idXR0b25fc2l6ZV9zbWFsbCUyMiUyMGhyZWYlM0QlMjJodHRwcyUzQSUyRiUyRnd3dy5jb3RvZGVnb21hcml6LmNvbSUyRmVuJTJGcHJvZHVjdG8lMkZjb3RvLWRlLWdvbWFyaXolMkYlMjIlM0VTZWUlMjBtb3JlJTNDJTJGYSUzRQ==[\/vc_raw_html]<\/div><\/div><\/div><\/div><\/div><\/div><\/div>\n\t\t\t\t\t\t\t<\/div>\n\t\t<\/div><div class=\"swiper-slide\" data-style=\"width:100%;\" style=\"width:100%;\">\t\t\t<div id=\"sc_testimonials_224612844_2\" class=\"sc_testimonial_item\">\n\t\t\t\t<div class=\"sc_testimonial_content\"><figure class=\"sc_image  alignleft sc_image_shape_square slide-wine margin_right_small\"><img src=\"https:\/\/www.cotodegomariz.com\/wp-content\/uploads\/2020\/12\/gomariz-x.png\" alt=\"\" \/><\/figure><div class=\"sc_section sc_section_block margin_top_super_huge\"><div class=\"sc_section_inner\"><div class=\"sc_section_content_wrap\">[vc_empty_space height=&#8221;4.7em&#8221; el_class=&#8221;margin_top_huge&#8221;]<div class=\"sc_section\"><div class=\"sc_section_inner\"><div class=\"sc_section_content_wrap\"><span class=\"sc_highlight\" style=\"color:#ffffff;font-size:1em; line-height: 1.9em;\">A very original, dry, white wine of limited production. It\u2019s an Albari\u00f1o from inland Galicia which makes it more mature and complex than the Albari\u00f1o from R\u00edas Baixas. <\/span>[vc_empty_space height=&#8221;15px&#8221;][vc_raw_html]JTNDYSUyMGNsYXNzJTNEJTIyc2NfYnV0dG9uJTIwc2NfYnV0dG9uX3NxdWFyZSUyMHNjX2J1dHRvbl9zdHlsZV9maWxsZWQlMjBzY19idXR0b25fc2l6ZV9zbWFsbCUyMiUyMGhyZWYlM0QlMjJodHRwcyUzQSUyRiUyRnd3dy5jb3RvZGVnb21hcml6LmNvbSUyRmVuJTJGcHJvZHVjdG8lMkZnb21hcml6LXglMkYlMjIlM0VTZWUlMjBtb3JlJTNDJTJGYSUzRQ==[\/vc_raw_html]<\/div><\/div><\/div><\/div><\/div><\/div><\/div>\n\t\t\t\t\t\t\t<\/div>\n\t\t<\/div><div class=\"swiper-slide\" data-style=\"width:100%;\" style=\"width:100%;\">\t\t\t<div id=\"sc_testimonials_224612844_3\" class=\"sc_testimonial_item\">\n\t\t\t\t<div class=\"sc_testimonial_content\"><figure class=\"sc_image  alignleft sc_image_shape_square slide-wine margin_right_small\"><img src=\"https:\/\/www.cotodegomariz.com\/wp-content\/uploads\/2020\/12\/coto-de-gomariz.png\" alt=\"\" \/><\/figure><div class=\"sc_section sc_section_block margin_top_super_huge\"><div class=\"sc_section_inner\"><div class=\"sc_section_content_wrap\">[vc_empty_space height=&#8221;4.7em&#8221; el_class=&#8221;margin_top_huge&#8221;]<div class=\"sc_section\"><div class=\"sc_section_inner\"><div class=\"sc_section_content_wrap\"><span class=\"sc_highlight\" style=\"color:#ffffff;font-size:1em; line-height: 1.9em;\">It\u2019s the best white that Gomariz makes. A wine with potential to age, complex, unique and considered one of the best white wines in Spain. <\/span>[vc_empty_space height=&#8221;15px&#8221;][vc_raw_html]JTNDYSUyMGNsYXNzJTNEJTIyc2NfYnV0dG9uJTIwc2NfYnV0dG9uX3NxdWFyZSUyMHNjX2J1dHRvbl9zdHlsZV9maWxsZWQlMjBzY19idXR0b25fc2l6ZV9zbWFsbCUyMiUyMGhyZWYlM0QlMjJodHRwcyUzQSUyRiUyRnd3dy5jb3RvZGVnb21hcml6LmNvbSUyRmVuJTJGcHJvZHVjdG8lMkZjb3RvLWRlLWdvbWFyaXotZmluY2Etby1maWd1ZWlyYWwlMkYlMjIlM0VTZWUlMjBtb3JlJTNDJTJGYSUzRQ==[\/vc_raw_html]<\/div><\/div><\/div><\/div><\/div><\/div><\/div>\n\t\t\t\t\t\t\t<\/div>\n\t\t<\/div><div class=\"swiper-slide\" data-style=\"width:100%;\" style=\"width:100%;\">\t\t\t<div id=\"sc_testimonials_224612844_4\" class=\"sc_testimonial_item\">\n\t\t\t\t<div class=\"sc_testimonial_content\"><figure class=\"sc_image  alignleft sc_image_shape_square slide-wine margin_right_small\"><img src=\"https:\/\/www.cotodegomariz.com\/wp-content\/uploads\/2020\/12\/abadia.png\" alt=\"\" \/><\/figure><div class=\"sc_section sc_section_block margin_top_super_huge\"><div class=\"sc_section_inner\"><div class=\"sc_section_content_wrap\">[vc_empty_space height=&#8221;4.7em&#8221; el_class=&#8221;margin_top_huge&#8221;]<div class=\"sc_section\"><div class=\"sc_section_inner\"><div class=\"sc_section_content_wrap\"><span class=\"sc_highlight\" style=\"color:#ffffff;font-size:1em; line-height: 1.9em;\">The aged red wine best expresses the terroir of Gomariz because it is made only from the most well-adapted red grapes.<\/span>[vc_empty_space height=&#8221;15px&#8221;][vc_raw_html]JTNDYSUyMGNsYXNzJTNEJTIyc2NfYnV0dG9uJTIwc2NfYnV0dG9uX3NxdWFyZSUyMHNjX2J1dHRvbl9zdHlsZV9maWxsZWQlMjBzY19idXR0b25fc2l6ZV9zbWFsbCUyMiUyMGhyZWYlM0QlMjJodHRwcyUzQSUyRiUyRnd3dy5jb3RvZGVnb21hcml6LmNvbSUyRmVuJTJGcHJvZHVjdG8lMkZhYmFkaWEtZGUtZ29tYXJpeiUyRiUyMiUzRVNlZSUyMG1vcmUlM0MlMkZhJTNF[\/vc_raw_html]<\/div><\/div><\/div><\/div><\/div><\/div><\/div>\n\t\t\t\t\t\t\t<\/div>\n\t\t<\/div><div class=\"swiper-slide\" data-style=\"width:100%;\" style=\"width:100%;\">\t\t\t<div id=\"sc_testimonials_224612844_5\" class=\"sc_testimonial_item\">\n\t\t\t\t<div class=\"sc_testimonial_content\"><figure class=\"sc_image  alignleft sc_image_shape_square slide-wine margin_right_small\"><img src=\"https:\/\/www.cotodegomariz.com\/wp-content\/uploads\/2020\/12\/treixadura.png\" alt=\"\" \/><\/figure><div class=\"sc_section sc_section_block margin_top_super_huge\"><div class=\"sc_section_inner\"><div class=\"sc_section_content_wrap\">[vc_empty_space height=&#8221;4.7em&#8221; el_class=&#8221;margin_top_huge&#8221;]<div class=\"sc_section\"><div class=\"sc_section_inner\"><div class=\"sc_section_content_wrap\"><span class=\"sc_highlight\" style=\"color:#ffffff;font-size:1em; line-height: 1.9em;\">A dry, single variety white wine made with Treixadura from the youngest vineyards that we have in the parish of Gomariz. The soils are mainly sand. Ribeiro. <\/span>[vc_empty_space height=&#8221;15px&#8221;][vc_raw_html]JTNDYSUyMGNsYXNzJTNEJTIyc2NfYnV0dG9uJTIwc2NfYnV0dG9uX3NxdWFyZSUyMHNjX2J1dHRvbl9zdHlsZV9maWxsZWQlMjBzY19idXR0b25fc2l6ZV9zbWFsbCUyMiUyMGhyZWYlM0QlMjJodHRwcyUzQSUyRiUyRnd3dy5jb3RvZGVnb21hcml6LmNvbSUyRmVuJTJGcHJvZHVjdG8lMkZ0aGUtZmxvd2VyLWFuZC10aGUtYmVlLXRyZWl4YWR1cmElMkYlMjIlM0VTZWUlMjBtb3JlJTNDJTJGYSUzRQ==[\/vc_raw_html]<\/div><\/div><\/div><\/div><\/div><\/div><\/div>\n\t\t\t\t\t\t\t<\/div>\n\t\t<\/div><div class=\"swiper-slide\" data-style=\"width:100%;\" style=\"width:100%;\">\t\t\t<div id=\"sc_testimonials_224612844_6\" class=\"sc_testimonial_item\">\n\t\t\t\t<div class=\"sc_testimonial_content\"><figure class=\"sc_image  alignleft sc_image_shape_square slide-wine margin_right_small\"><img src=\"https:\/\/www.cotodegomariz.com\/wp-content\/uploads\/2020\/12\/souson.png\" alt=\"\" \/><\/figure><div class=\"sc_section sc_section_block margin_top_super_huge\"><div class=\"sc_section_inner\"><div class=\"sc_section_content_wrap\">[vc_empty_space height=&#8221;4.7em&#8221; el_class=&#8221;margin_top_huge&#8221;]<div class=\"sc_section\"><div class=\"sc_section_inner\"><div class=\"sc_section_content_wrap\"><span class=\"sc_highlight\" style=\"color:#ffffff;font-size:1em; line-height: 1.9em;\">A single variety, oaked, red wine made with Sous\u00f3n from the youngest vineyards that we have in the parish of Gomariz. The soils are mainly sand. Ribeiro.<\/span>[vc_empty_space height=&#8221;15px&#8221;][vc_raw_html]JTNDYSUyMGNsYXNzJTNEJTIyc2NfYnV0dG9uJTIwc2NfYnV0dG9uX3NxdWFyZSUyMHNjX2J1dHRvbl9zdHlsZV9maWxsZWQlMjBzY19idXR0b25fc2l6ZV9zbWFsbCUyMiUyMGhyZWYlM0QlMjJodHRwcyUzQSUyRiUyRnd3dy5jb3RvZGVnb21hcml6LmNvbSUyRmVuJTJGcHJvZHVjdG8lMkZ0aGUtZmxvd2VyLWFuZC10aGUtYmVlLXNvdXNvbiUyRiUyMiUzRVNlZSUyMG1vcmUlM0MlMkZhJTNF[\/vc_raw_html]<\/div><\/div><\/div><\/div><\/div><\/div><\/div>\n\t\t\t\t\t\t\t<\/div>\n\t\t<\/div><div class=\"swiper-slide\" data-style=\"width:100%;\" style=\"width:100%;\">\t\t\t<div id=\"sc_testimonials_224612844_7\" class=\"sc_testimonial_item\">\n\t\t\t\t<div class=\"sc_testimonial_content\"><figure class=\"sc_image  alignleft sc_image_shape_square slide-wine margin_right_small\"><img src=\"https:\/\/www.cotodegomariz.com\/wp-content\/uploads\/2025\/01\/brancellao-2.png\" alt=\"\" \/><\/figure><div class=\"sc_section sc_section_block margin_top_super_huge\"><div class=\"sc_section_inner\"><div class=\"sc_section_content_wrap\">[vc_empty_space height=&#8221;4.7em&#8221; el_class=&#8221;margin_top_huge&#8221;]<div class=\"sc_section\"><div class=\"sc_section_inner\"><div class=\"sc_section_content_wrap\"><span class=\"sc_highlight\" style=\"color:#ffffff;font-size:1em; line-height: 1.9em;\">It is a very special gem: a single-varietal red wine made from Brancellao, aged in a small ceramic stoneware vessel.<\/span>[vc_empty_space height=&#8221;15px&#8221;][vc_raw_html]JTNDYSUyMGNsYXNzJTNEJTIyc2NfYnV0dG9uJTIwc2NfYnV0dG9uX3NxdWFyZSUyMHNjX2J1dHRvbl9zdHlsZV9maWxsZWQlMjBzY19idXR0b25fc2l6ZV9zbWFsbCUyMiUyMGhyZWYlM0QlMjJodHRwcyUzQSUyRiUyRnd3dy5jb3RvZGVnb21hcml6LmNvbSUyRmVuJTJGcHJvZHVjdG8lMkZicmFuY2VsbGFvJTJGJTIyJTNFU2VlJTIwbW9yZSUzQyUyRmElM0U=[\/vc_raw_html]<\/div><\/div><\/div><\/div><\/div><\/div><\/div>\n\t\t\t\t\t\t\t<\/div>\n\t\t<\/div><\/div><div class=\"sc_slider_controls_wrap\"><a class=\"sc_slider_prev\" href=\"#\"><\/a><a class=\"sc_slider_next\" href=\"#\"><\/a><\/div><div class=\"sc_slider_pagination_wrap\"><\/div><\/div><\/div>[\/vc_column][\/vc_row][vc_row][vc_column offset=&#8221;vc_col-lg-6 vc_col-md-6&#8243;]<div class=\"sc_section section_style_left\" data-animation=\"animated fadeInUp normal\"><div class=\"sc_section_inner\"><h6 class=\"sc_section_subtitle sc_item_subtitle\">OTHERS<\/h6><h3 class=\"sc_section_title sc_item_title\">PRODUCTS<\/h3><div class=\"sc_section_content_wrap\"><div class=\"columns_wrap sc_columns columns_nofluid sc_columns_count_2\"><div class=\"column-1_2 sc_column_item sc_column_item_1 odd first\"><div class=\"woocommerce \"><ul class=\"products columns-2\">\n<li class=\"product type-product post-1263 status-publish first instock product_cat-sin-d-o-en product_cat-tinto-2-en has-post-thumbnail shipping-taxable product-type-simple\">\n\t<\/li>\n<\/ul>\n<\/div><\/div><div class=\"column-1_2 sc_column_item sc_column_item_2 even\"><div class=\"woocommerce \"><ul class=\"products columns-2\">\n<li class=\"product type-product post-10034 status-publish first instock product_cat-blanco-2-en product_cat-sin-d-o-en has-post-thumbnail shipping-taxable product-type-simple\">\n\t<\/li>\n<\/ul>\n<\/div><\/div><div class=\"column-1_2 sc_column_item sc_column_item_3 odd\"><div class=\"woocommerce \"><ul class=\"products columns-2\">\n<li class=\"product type-product post-1268 status-publish first instock product_cat-blanco-2-en product_cat-sin-d-o-en has-post-thumbnail shipping-taxable product-type-simple\">\n\t<\/li>\n<\/ul>\n<\/div><\/div><div class=\"column-1_2 sc_column_item sc_column_item_4 even\"><div class=\"woocommerce \"><ul class=\"products columns-2\">\n<li class=\"product type-product post-1269 status-publish first instock product_cat-licores-en has-post-thumbnail shipping-taxable product-type-simple\">\n\t<\/li>\n<\/ul>\n<\/div><\/div><\/div><\/div><\/div><\/div><a href=\"https:\/\/www.cotodegomariz.com\/en\/vinos\/\" class=\"sc_button sc_button_square sc_button_style_filled sc_button_size_large margin_top_small margin_bottom_huge  sc_button_iconed icon-arrow\">ALL THE PRODUCTS<\/a>[\/vc_column][vc_column offset=&#8221;vc_col-lg-offset-1 vc_col-lg-5 vc_col-md-offset-1 vc_col-md-5&#8243; css=&#8221;.vc_custom_1611078009481{margin-top: 0.25em !important;}&#8221;]<div class=\"sc_section banner-home margin_top_huge\" data-animation=\"animated fadeInUp normal\" style=\"margin-bottom: 1.9rem;background-color:#0a0505;background-image:url(https:\/\/www.cotodegomariz.com\/wp-content\/uploads\/2020\/12\/sebo_05sep2013_0246-2.jpg);background-repeat:no-repeat;background-size:cover;\"><div class=\"sc_section_inner\"><div class=\"sc_section_overlay\" style=\"\"><div class=\"sc_section_content padding_on\" style=\"\"><div class=\"sc_section_content_wrap\"><h4 class=\"sc_title sc_title_regular\" style=\"color: #ffffff;margin-left: 1.6rem;margin-top: 2.7rem;max-width: 250px;line-height: 1;margin-bottom: 1.2rem;color:#ffffff;\">Sales &amp; Marketing<\/h4><div class=\"sc_section sc_section_block \" style=\"margin-left: 1.7rem;max-width: 150px;\"><div class=\"sc_section_inner\"><div class=\"sc_section_content_wrap\"><span class=\"sc_highlight\" style=\"color:#ffffff;\">Contact our sales department<\/span><\/div><\/div><\/div><a href=\"https:\/\/www.cotodegomariz.com\/en\/comercializacion\/\" class=\"sc_button sc_button_square sc_button_style_icon sc_button_size_small  sc_button_iconed icon-arrow\" style=\"margin-top: 2.35rem;margin-left: 1.8rem;margin-bottom: 1.6rem;\"><\/a><\/div><\/div><\/div><\/div><\/div><div class=\"sc_section margin_bottom_huge\" style=\"background-color:#2c3136;\"><div class=\"sc_section_inner\"><div class=\"sc_section_overlay\" style=\"\"><div class=\"sc_section_content padding_on\" style=\"\"><div class=\"sc_section_content_wrap\"><div id=\"sc_testimonials_2084949143\" class=\"sc_testimonials sc_testimonials_style_testimonials-1 \" style=\"margin-top: -0.9rem;margin-bottom: -1rem;width:100%;\"><h6 class=\"sc_testimonials_subtitle sc_item_subtitle\">opinions<\/h6><div class=\"sc_slider_swiper swiper-slider-container sc_slider_nopagination sc_slider_controls sc_slider_controls_side\" data-interval=\"5318\" data-slides-min-width=\"250\"><div class=\"slides swiper-wrapper\"><div class=\"swiper-slide\" data-style=\"width:100%;\" style=\"width:100%;\">\t\t\t<div id=\"sc_testimonials_2084949143_1\" class=\"sc_testimonial_item\">\n\t\t\t\t<div class=\"sc_testimonial_content\"><p>\u201cBeautiful vineyard, with a guided tour by the owner that ended on an amazing terrace with views of the beautiful vineyards enjoying the best wines of Ribeiro.\u201d<\/p>\n<\/div>\n\t\t\t\t\t\t\t\t<div class=\"sc_testimonial_avatar\"><img class=\"wp-post-image\" width=\"75\" height=\"75\" alt=\"Adri\u00e1n Mosquera\" src=\"https:\/\/www.cotodegomariz.com\/wp-content\/uploads\/2016\/05\/photo.png\"><\/div>\n\t\t\t\t\t\t\t\t\t\t\t\t<div class=\"sc_testimonial_author\"><span class=\"sc_testimonial_author_name\">Adri\u00e1n Mosquera<\/span><\/div>\n\t\t\t\t\t\t\t<\/div>\n\t\t<\/div><div class=\"swiper-slide\" data-style=\"width:100%;\" style=\"width:100%;\">\t\t\t<div id=\"sc_testimonials_2084949143_2\" class=\"sc_testimonial_item\">\n\t\t\t\t<div class=\"sc_testimonial_content\"><p>\u201cWinery located in what is probably one of the best slopes to make white wines in Ribeiro. They produce some of the greatest wines and also have the best views in all of Ribeiro.\u201d<\/p>\n<\/div>\n\t\t\t\t\t\t\t\t<div class=\"sc_testimonial_avatar\"><img class=\"wp-post-image\" width=\"75\" height=\"75\" alt=\"Carlos Dom\u00ednguez\" src=\"https:\/\/www.cotodegomariz.com\/wp-content\/uploads\/2016\/05\/photo-1.png\"><\/div>\n\t\t\t\t\t\t\t\t\t\t\t\t<div class=\"sc_testimonial_author\"><span class=\"sc_testimonial_author_name\">Carlos Dom\u00ednguez<\/span><\/div>\n\t\t\t\t\t\t\t<\/div>\n\t\t<\/div><div class=\"swiper-slide\" data-style=\"width:100%;\" style=\"width:100%;\">\t\t\t<div id=\"sc_testimonials_2084949143_3\" class=\"sc_testimonial_item\">\n\t\t\t\t<div class=\"sc_testimonial_content\"><p>\u201cWithout a doubt 1 of the top 3 whites in Ribeiro and as for the red wine, there are just no words.\u201d<\/p>\n<\/div>\n\t\t\t\t\t\t\t\t<div class=\"sc_testimonial_avatar\"><img class=\"wp-post-image\" width=\"75\" height=\"75\" alt=\"Carlos Frutas\" src=\"https:\/\/www.cotodegomariz.com\/wp-content\/uploads\/2016\/05\/photo-1-1.png\"><\/div>\n\t\t\t\t\t\t\t\t\t\t\t\t<div class=\"sc_testimonial_author\"><span class=\"sc_testimonial_author_name\">Carlos Frutas<\/span><\/div>\n\t\t\t\t\t\t\t<\/div>\n\t\t<\/div><\/div><div class=\"sc_slider_controls_wrap\"><a class=\"sc_slider_prev\" href=\"#\"><\/a><a class=\"sc_slider_next\" href=\"#\"><\/a><\/div><div class=\"sc_slider_pagination_wrap\"><\/div><\/div><\/div><\/div><\/div><\/div><\/div><\/div>[\/vc_column][\/vc_row]<\/p>\n","protected":false},"excerpt":{"rendered":"<p>[vc_row el_class=&#8221;section-home-bodega-en&#8221;][vc_column css=&#8221;.vc_custom_1463642208790{margin-top: 0.25rem !important;}&#8221;][\/vc_column][\/vc_row][vc_row][vc_column][\/vc_column][\/vc_row][vc_row full_width=&#8221;stretch_row&#8221; css=&#8221;.vc_custom_1602755520699{background-image: url(https:\/\/www.cotodegomariz.com\/wp-content\/uploads\/2020\/10\/bg_product-1.jpg?id=875) !important;}&#8221;][vc_column width=&#8221;5\/12&#8243; css=&#8221;.vc_custom_1463576070137{margin-bottom: 0.85rem !important;}&#8221;][\/vc_column][vc_column width=&#8221;7\/12&#8243;][\/vc_column][\/vc_row][vc_row][vc_column offset=&#8221;vc_col-lg-6 vc_col-md-6&#8243;][\/vc_column][vc_column offset=&#8221;vc_col-lg-offset-1 vc_col-lg-5 vc_col-md-offset-1 vc_col-md-5&#8243; css=&#8221;.vc_custom_1611078009481{margin-top: 0.25em !important;}&#8221;][\/vc_column][\/vc_row]<\/p>\n","protected":false},"author":990005,"featured_media":0,"parent":0,"menu_order":0,"comment_status":"closed","ping_status":"closed","template":"","meta":[],"acf":[],"aioseo_notices":[],"_links":{"self":[{"href":"https:\/\/www.cotodegomariz.com\/en\/wp-json\/wp\/v2\/pages\/1925\/"}],"collection":[{"href":"https:\/\/www.cotodegomariz.com\/en\/wp-json\/wp\/v2\/pages\/"}],"about":[{"href":"https:\/\/www.cotodegomariz.com\/en\/wp-json\/wp\/v2\/types\/page\/"}],"author":[{"embeddable":true,"href":"https:\/\/www.cotodegomariz.com\/en\/wp-json\/wp\/v2\/users\/990005\/"}],"replies":[{"embeddable":true,"href":"https:\/\/www.cotodegomariz.com\/en\/wp-json\/wp\/v2\/comments\/?post=1925"}],"version-history":[{"count":21,"href":"https:\/\/www.cotodegomariz.com\/en\/wp-json\/wp\/v2\/pages\/1925\/revisions\/"}],"predecessor-version":[{"id":10087,"href":"https:\/\/www.cotodegomariz.com\/en\/wp-json\/wp\/v2\/pages\/1925\/revisions\/10087\/"}],"wp:attachment":[{"href":"https:\/\/www.cotodegomariz.com\/en\/wp-json\/wp\/v2\/media\/?parent=1925"}],"curies":[{"name":"wp","href":"https:\/\/api.w.org\/{rel}","templated":true}]}}