{"id":1987,"date":"2020-11-02T17:35:21","date_gmt":"2020-11-02T16:35:21","guid":{"rendered":"https:\/\/www.cotodegomariz.com\/terruno\/variedades\/"},"modified":"2021-07-26T02:28:31","modified_gmt":"2021-07-26T00:28:31","slug":"varieties","status":"publish","type":"page","link":"https:\/\/www.cotodegomariz.com\/en\/terroir\/varieties\/","title":{"rendered":"Varieties"},"content":{"rendered":"<p>[vc_row el_class=&#8221;margin_bottom_large&#8221;][vc_column]<div class=\"sc_section section_style_underline aligncenter\"><div class=\"sc_section_inner\"><h6 class=\"sc_section_subtitle sc_item_subtitle\">Terroir<\/h6><h3 class=\"sc_section_title sc_item_title\">Varieties<\/h3><div class=\"sc_section_content_wrap\"><\/div><\/div><\/div>[vc_empty_space][vc_column_text]<\/p>\n<blockquote>\n<p>Coto de Gomariz uses only autochthonous varieties of grapes.<\/p>\n<\/blockquote>\n<p>The winery started at the beginning of the 70\u2019s adopting more traditional style wines from Ribeiro to produce more authentic wine, following a clear path to quality and authenticity towards autochthonous varieties like Treixadura or Sous\u00f3n, which had been pushed aside throughout history to make way for international varieties that were more productive and less prone to disease.<\/p>\n<p>The varieties in an Atlantic location, group to which the ancestral grapes of Galicia belong to, show characteristics that are often common to the wild vines; small bunches of grapes, highly fertile and potential for an intense aroma.[\/vc_column_text][\/vc_column][\/vc_row][vc_section full_width=&#8221;stretch_row&#8221; el_class=&#8221;section-white&#8221;][vc_row inverse=&#8221;&#8221; el_class=&#8221;margin_bottom_large&#8221;][vc_column]<div class=\"sc_section section_style_left alignleft\"><div class=\"sc_section_inner\"><h6 class=\"sc_section_subtitle sc_item_subtitle\">Varieties<\/h6><h3 class=\"sc_section_title sc_item_title\">Whites<\/h3><div class=\"sc_section_content_wrap\">[vc_column_text]The white varieties of grape grown are those that are allowed within the DO Ribeiro: Treixadura, Godello, Albari\u00f1o, Loureira, Torront\u00e9s, Lado and Silveiri\u00f1a as well as some others that are not mentioned. However, without a doubt, the most important grape used in our production is the Treixadura.[\/vc_column_text][vc_row_inner][vc_column_inner width=&#8221;1\/2&#8243;][vc_column_text]<\/p>\n<h4 class=\"mb-15\">WHITE GRAPES<\/h4>\n<p>It is the noble grape of excellence in the Ribeiro.<\/p>\n<p>The first historical reference of this grape dates back to the 18th Century, although its great variability suggests that it was used even before. Its origin shows in the fact that it is capable of expressing its qualities on dry, sunny banks; this variety is, without a doubt, a result of the sort after quality. Treixadura finds in the Ribeiro its ideal habitat given that it is a late shooting and late ripening grape, very sensitive to altitude where it wouldn\u2019t ripen properly at all. You can find it also in the base of the toasted wines of Ribeiro, the most famous wines of the region. The bunches of grapes are small-medium, they are formed by round berries tightly grown. When ripe, the grapes take on beautiful golden tones with violet highlights.[\/vc_column_text][\/vc_column_inner][vc_column_inner width=&#8221;1\/2&#8243;][vc_column_text]<img decoding=\"async\" loading=\"lazy\" class=\"img-fluid\" src=\"https:\/\/www.cotodegomariz.com\/wp-content\/uploads\/2020\/11\/treixadura.jpg\" alt=\"\" width=\"900\" height=\"700\" \/>[\/vc_column_text][\/vc_column_inner][\/vc_row_inner][vc_column_text]The skin is thick and relatively hard \u2013 reason for its name \u2013 something that contributes to saving against the grey rot that happens in the grapes (Botrytis Cinerea). As a grape that produces wines of great quality, they are sufficiently alcoholic (between 12 and 13,5\u00ba), with notable acidity, making us believe that it is robust on the outside, but surprisingly generating subtle and delicate aromas of elegant and complex flowers and fruits when we get into it.<\/p>\n<p>This harmonious balance between the robust structure and the delicate expression, justify its position as the middle rock that holds up any varietal combination that comes out of Ribeiro and also allows to make long-lasting wines.[\/vc_column_text]<\/div><\/div><\/div>[\/vc_column][\/vc_row][\/vc_section][vc_section full_width=&#8221;stretch_row&#8221;][vc_row inverse=&#8221;&#8221; el_class=&#8221;margin_bottom_large&#8221;][vc_column]<div class=\"sc_section section_style_left alignleft\"><div class=\"sc_section_inner\"><h6 class=\"sc_section_subtitle sc_item_subtitle\">VARIETIES<\/h6><h3 class=\"sc_section_title sc_item_title\">RED GRAPES<\/h3><div class=\"sc_section_content_wrap\">[vc_column_text]The red varieties that are used are the ones permitted within the DO Ribeiro: Sous\u00f3n, Brancellao, Mencia, Cai\u00f1o Longo and Ferrol. For us, the main one is Sous\u00f3n.[\/vc_column_text][vc_row_inner][vc_column_inner width=&#8221;1\/2&#8243;][vc_column_text]<\/p>\n<h4 class=\"mb-15\">SOUS\u00d3N<\/h4>\n<p>This grape variety is on trend in Galicia and Northern Portugal, being to date the most cultivated in Gomariz with huge polyphenol potential. It\u2019s usually found as a base in various different proportions for creating interesting, different and peculiar wines. We\u2019ve been using it since the year 2000 \u2013 it\u2019s always been the star of the coupage and since 2011, also as a single variety.<\/p>\n<p>Agriculturally, this plant is slow growing and resistant to drought allowing it to adapt well to lose soils. The fertility rate is average and it has a low production of around 8 to 11 Tonnes per Hectare. It\u2019s new shoots appear later than most and the ripening cycle is long meaning that it is well-suited to zones that are known for late ripening. It is sensitive to Mildew and Botrytis but more resistant to Oidium.<\/p>\n<p>[\/vc_column_text][\/vc_column_inner][vc_column_inner width=&#8221;1\/2&#8243;][vc_column_text]<img decoding=\"async\" loading=\"lazy\" class=\"img-fluid\" src=\"https:\/\/www.cotodegomariz.com\/wp-content\/uploads\/2020\/11\/souson.jpg\" alt=\"\" width=\"900\" height=\"700\" \/>[\/vc_column_text][\/vc_column_inner][\/vc_row_inner][vc_column_text]Higher or lower ripening levels are needed depending on the style of wine wanting to be produced and to avoid herbaceous notes in the long maceration period this grape is good for.<\/p>\n<p>The wines can reach alcoholic levels of between 12,5 to 14\u00ba, conserving the total acidity of around 6-8 g\/L expressed in tartaric acid. But, its most representative characteristic is its high concentrated level of polyphenols that give excellent structure and intense colour to the wine. From an aromatic point of view, there is a lot of dark fruit like blackberry and cassis berries \u2013 all moderate intensity.<\/p>\n<p>The wines evolve very well over time and are excellent for ageing in wood.[\/vc_column_text]<\/div><\/div><\/div>[\/vc_column][\/vc_row][\/vc_section][vc_row el_class=&#8221;margin_bottom_large&#8221;][vc_column][vc_row][vc_column width=\"1\/3\" offset=\"vc_col-lg-2 vc_col-md-4\"][vc_column_text]    <a href=\"https:\/\/www.cotodegomariz.com\/en\/terroir\/plots\/\" class=\"banner-terruno \"  style=\"background-image: url(https:\/\/www.cotodegomariz.com\/wp-content\/uploads\/2020\/10\/parcelas.jpg)\"><h3>Plots<\/h3><div class=\"sc_button sc_button_square sc_button_style_filled sc_button_size_small\">Learn More<\/div><\/a>\n[\/vc_column_text][\/vc_column][vc_column width=\"1\/3\" offset=\"vc_col-lg-2 vc_col-md-4\"][vc_column_text]    <a href=\"https:\/\/www.cotodegomariz.com\/en\/terroir\/planting\/\" class=\"banner-terruno \"  style=\"background-image: url(https:\/\/www.cotodegomariz.com\/wp-content\/uploads\/2020\/10\/PODA.jpg)\"><h3>PLANTING<\/h3><div class=\"sc_button sc_button_square sc_button_style_filled sc_button_size_small\">Learn More<\/div><\/a>\n[\/vc_column_text][\/vc_column][vc_column width=\"1\/3\" offset=\"vc_col-lg-2 vc_col-md-4\"][vc_column_text]    <a href=\"https:\/\/www.cotodegomariz.com\/en\/terroir\/varieties\/\" class=\"banner-terruno \"  style=\"background-image: url(https:\/\/www.cotodegomariz.com\/wp-content\/uploads\/2020\/10\/variedades.jpg)\"><h3>Varieties<\/h3><div class=\"sc_button sc_button_square sc_button_style_filled sc_button_size_small\">Learn More<\/div><\/a>\n[\/vc_column_text][\/vc_column][vc_column width=\"1\/3\" offset=\"vc_col-lg-2 vc_col-md-4\"][vc_column_text]    <a href=\"https:\/\/www.cotodegomariz.com\/en\/terroir\/climate\/\" class=\"banner-terruno \"  style=\"background-image: url(https:\/\/www.cotodegomariz.com\/wp-content\/uploads\/2020\/10\/clima.jpg)\"><h3>CLIMATE<\/h3><div class=\"sc_button sc_button_square sc_button_style_filled sc_button_size_small\">Learn More<\/div><\/a>\n[\/vc_column_text][\/vc_column][vc_column width=\"1\/3\" offset=\"vc_col-lg-2 vc_col-md-4\"][vc_column_text]    <a href=\"https:\/\/www.cotodegomariz.com\/en\/terroir\/geographic-terrain\/\" class=\"banner-terruno \"  style=\"background-image: url(https:\/\/www.cotodegomariz.com\/wp-content\/uploads\/2020\/10\/relieve-1.jpg)\"><h3>Geographic<\/h3><div class=\"sc_button sc_button_square sc_button_style_filled sc_button_size_small\">Learn More<\/div><\/a>\n[\/vc_column_text][\/vc_column][vc_column width=\"1\/3\" offset=\"vc_col-lg-2 vc_col-md-4\"][vc_column_text]    <a href=\"https:\/\/www.cotodegomariz.com\/en\/terroir\/soils\/\" class=\"banner-terruno \"  style=\"background-image: url(https:\/\/www.cotodegomariz.com\/wp-content\/uploads\/2020\/10\/suelos.jpg)\"><h3>Soils<\/h3><div class=\"sc_button sc_button_square sc_button_style_filled sc_button_size_small\">Learn More<\/div><\/a>\n[\/vc_column_text][\/vc_column][\/vc_row][\/vc_column][\/vc_row]<\/p>\n","protected":false},"excerpt":{"rendered":"<p>[vc_row el_class=&#8221;margin_bottom_large&#8221;][vc_column][vc_empty_space][vc_column_text] Coto de Gomariz uses only autochthonous varieties of grapes. The winery started at the beginning of the 70\u2019s adopting more traditional style wines from Ribeiro to produce more authentic wine, following a clear path to quality and authenticity towards autochthonous varieties like Treixadura or Sous\u00f3n, which had been pushed aside throughout history to [&hellip;]<\/p>\n","protected":false},"author":1,"featured_media":0,"parent":1978,"menu_order":0,"comment_status":"closed","ping_status":"closed","template":"","meta":[],"acf":[],"aioseo_notices":[],"_links":{"self":[{"href":"https:\/\/www.cotodegomariz.com\/en\/wp-json\/wp\/v2\/pages\/1987\/"}],"collection":[{"href":"https:\/\/www.cotodegomariz.com\/en\/wp-json\/wp\/v2\/pages\/"}],"about":[{"href":"https:\/\/www.cotodegomariz.com\/en\/wp-json\/wp\/v2\/types\/page\/"}],"author":[{"embeddable":true,"href":"https:\/\/www.cotodegomariz.com\/en\/wp-json\/wp\/v2\/users\/1\/"}],"replies":[{"embeddable":true,"href":"https:\/\/www.cotodegomariz.com\/en\/wp-json\/wp\/v2\/comments\/?post=1987"}],"version-history":[{"count":4,"href":"https:\/\/www.cotodegomariz.com\/en\/wp-json\/wp\/v2\/pages\/1987\/revisions\/"}],"predecessor-version":[{"id":2149,"href":"https:\/\/www.cotodegomariz.com\/en\/wp-json\/wp\/v2\/pages\/1987\/revisions\/2149\/"}],"up":[{"embeddable":true,"href":"https:\/\/www.cotodegomariz.com\/en\/wp-json\/wp\/v2\/pages\/1978\/"}],"wp:attachment":[{"href":"https:\/\/www.cotodegomariz.com\/en\/wp-json\/wp\/v2\/media\/?parent=1987"}],"curies":[{"name":"wp","href":"https:\/\/api.w.org\/{rel}","templated":true}]}}