{"id":1990,"date":"2020-10-26T14:20:57","date_gmt":"2020-10-26T13:20:57","guid":{"rendered":"https:\/\/www.cotodegomariz.com\/terruno\/parcelas\/"},"modified":"2021-07-26T14:01:26","modified_gmt":"2021-07-26T12:01:26","slug":"plots","status":"publish","type":"page","link":"https:\/\/www.cotodegomariz.com\/en\/terroir\/plots\/","title":{"rendered":"Plots"},"content":{"rendered":"<p>[vc_row el_class=&#8221;margin_bottom_large&#8221;][vc_column]<div class=\"sc_section section_style_underline aligncenter\"><div class=\"sc_section_inner\"><h6 class=\"sc_section_subtitle sc_item_subtitle\">Terroir<\/h6><h3 class=\"sc_section_title sc_item_title\">PLOTS<\/h3><div class=\"sc_section_descr sc_item_descr\">The plots of land are vinified separately to be able to observe the evolution of the grapes and respect the characteristics of the different estates that make up the personality of each of the vines.<\/div><div class=\"sc_section_content_wrap\"><\/div><\/div><\/div>[vc_row_inner][vc_column_inner width=&#8221;1\/2&#8243;][vc_column_text]<\/p>\n<h3 class=\"mb-15\">O FIGUEIRAL<\/h3>\n<p><strong>In the year 1978 ricardo Carreiro and his wife Mar\u00eda \u00c1lvarez recuperated what is today the first of the estates of Coto de Gomariz: Finca O Figueiral<\/strong>, where the first steps were taken to recuperating autochthonous varieties of the Ribeiro.<\/p>\n<p><strong>Since replanting in O Figueiral, Coto de Gomariz was born. <\/strong>. After they began the restauration of the other plots of old vines also property of the Carreiro family for generations, with the intention to start a winery.<\/p>\n<p>\u201cO Figueiral\u201d is a <strong>3Ha <\/strong> plot in Barro de Gomariz, neighbour to other vines in the family. However, this <strong>particular plot has a unique set of characteristics in the soils (deepness and composition) that give the wines a superlative quality and acidity with a low pH<\/strong> \u2013 all important for giving the wine a long life.[\/vc_column_text][\/vc_column_inner][vc_column_inner width=&#8221;1\/2&#8243;][vc_column_text]<img decoding=\"async\" class=\"img-fluid\" src=\"https:\/\/www.cotodegomariz.com\/wp-content\/uploads\/2020\/10\/cepavieja_OFigueiral.jpg\" \/>[\/vc_column_text][\/vc_column_inner][\/vc_row_inner][vc_column_text]This plot is multi-varietal, this was normal years ago, the principal varieties being white and always autochthonous: <strong>Treixadura, Lado, Godello, Albari\u00f1o, Dona Blanca, Torront\u00e9s, Silveiri\u00f1a, Loureira and a few others.<\/strong> At least 12 varieties have been identified.<\/p>\n<p>Caco was a visionary back then, foreseeing the destination of Ribeiro in Galician autochthonous varieties that were unfortunately pushed aside to make way for more productive ones and ones that were less delicate and prone to disease. For example Palomino and a hybrid: Garnacha Tintorera (Alicante Bouchet).<\/p>\n<blockquote><p>The soils are mainly clay with subsoils of shale.<\/p><\/blockquote>\n<p>This plot produces the grapes that are the base for the Coto de Gomariz, the iconic white wine of Ribeiro and the Coto de Gomariz Colleita Seleccionada Finca O Figueiral limited production of 3.300 bottles of 750ml and 50 magnum bottles.<\/p>\n<p><strong>The history of this plot goes back to at least the 17th Century<\/strong>, something we\u2019ve proved by going through old archives in the Abbey of Gomariz in a historical study that was conducted by experts some years ago.[\/vc_column_text][\/vc_column][\/vc_row][vc_section full_width=&#8221;stretch_row&#8221; el_class=&#8221;section-white&#8221;][vc_row inverse=&#8221;&#8221; el_class=&#8221;margin_bottom_large&#8221;][vc_column]<div class=\"sc_section section_style_left\"><div class=\"sc_section_inner\"><h6 class=\"sc_section_subtitle sc_item_subtitle\">PROPERTY OF THE WINERY<\/h6><h3 class=\"sc_section_title sc_item_title\">OTHER PLOTS<\/h3><div class=\"sc_section_content_wrap\">[vc_row_inner][vc_column_inner width=&#8221;1\/2&#8243;][vc_column_text]<\/p>\n<blockquote><p>Also historical and mentioned in old documents, other properties of the winery are:<\/p><\/blockquote>\n<p><strong>In Gomariz:<\/strong><\/p>\n<p>Old vines: A Fonte, Pr\u00e9stimo, Vi\u00f1a Grande, Lavandeira, A Cerrada, Lama de Barco, Barreiro, Forcada, Pena de Barra, O Campo, Tega Do Sal, Vilerma, As Travesas, Vi\u00f1a de Ram\u00f3n and A Carreira.<\/p>\n<p>Plots that have been planted or restructured by the new generations in Gomariz, between the years 2000 and 2003: As Penelas (1Ha), O Taboleiro (almost 6Ha), A Taina, A Ferreira, Canceli\u00f1a.<\/p>\n<p><strong>Other plots in other towns of Ribeiro<\/strong> are Beade, Vieite, in San Crist\u00f3bal (Ribadavia): A Xarmenta of 1Ha and in Banga: Pazo Lodeiro. 3Ha.[\/vc_column_text][\/vc_column_inner][vc_column_inner width=&#8221;1\/2&#8243;][vc_column_text]<img decoding=\"async\" loading=\"lazy\" class=\"img-fluid\" src=\"https:\/\/www.cotodegomariz.com\/wp-content\/uploads\/2020\/10\/A-Cerrada_vista-1.jpg\" alt=\"\" width=\"900\" height=\"700\" \/>[\/vc_column_text][\/vc_column_inner][\/vc_row_inner][vc_empty_space height=&#8221;50px&#8221;][vc_row][vc_column width=\"1\/3\" offset=\"vc_col-lg-2 vc_col-md-4\"][vc_column_text]    <a href=\"https:\/\/www.cotodegomariz.com\/en\/terroir\/plots\/\" class=\"banner-terruno \"  style=\"background-image: url(https:\/\/www.cotodegomariz.com\/wp-content\/uploads\/2020\/10\/parcelas.jpg)\"><h3>Plots<\/h3><div class=\"sc_button sc_button_square sc_button_style_filled sc_button_size_small\">Learn More<\/div><\/a>\n[\/vc_column_text][\/vc_column][vc_column width=\"1\/3\" offset=\"vc_col-lg-2 vc_col-md-4\"][vc_column_text]    <a href=\"https:\/\/www.cotodegomariz.com\/en\/terroir\/planting\/\" class=\"banner-terruno \"  style=\"background-image: url(https:\/\/www.cotodegomariz.com\/wp-content\/uploads\/2020\/10\/PODA.jpg)\"><h3>PLANTING<\/h3><div class=\"sc_button sc_button_square sc_button_style_filled sc_button_size_small\">Learn More<\/div><\/a>\n[\/vc_column_text][\/vc_column][vc_column width=\"1\/3\" offset=\"vc_col-lg-2 vc_col-md-4\"][vc_column_text]    <a href=\"https:\/\/www.cotodegomariz.com\/en\/terroir\/varieties\/\" class=\"banner-terruno \"  style=\"background-image: url(https:\/\/www.cotodegomariz.com\/wp-content\/uploads\/2020\/10\/variedades.jpg)\"><h3>Varieties<\/h3><div class=\"sc_button sc_button_square sc_button_style_filled sc_button_size_small\">Learn More<\/div><\/a>\n[\/vc_column_text][\/vc_column][vc_column width=\"1\/3\" offset=\"vc_col-lg-2 vc_col-md-4\"][vc_column_text]    <a href=\"https:\/\/www.cotodegomariz.com\/en\/terroir\/climate\/\" class=\"banner-terruno \"  style=\"background-image: url(https:\/\/www.cotodegomariz.com\/wp-content\/uploads\/2020\/10\/clima.jpg)\"><h3>CLIMATE<\/h3><div class=\"sc_button sc_button_square sc_button_style_filled sc_button_size_small\">Learn More<\/div><\/a>\n[\/vc_column_text][\/vc_column][vc_column width=\"1\/3\" offset=\"vc_col-lg-2 vc_col-md-4\"][vc_column_text]    <a href=\"https:\/\/www.cotodegomariz.com\/en\/terroir\/geographic-terrain\/\" class=\"banner-terruno \"  style=\"background-image: url(https:\/\/www.cotodegomariz.com\/wp-content\/uploads\/2020\/10\/relieve-1.jpg)\"><h3>Geographic<\/h3><div class=\"sc_button sc_button_square sc_button_style_filled sc_button_size_small\">Learn More<\/div><\/a>\n[\/vc_column_text][\/vc_column][vc_column width=\"1\/3\" offset=\"vc_col-lg-2 vc_col-md-4\"][vc_column_text]    <a href=\"https:\/\/www.cotodegomariz.com\/en\/terroir\/soils\/\" class=\"banner-terruno \"  style=\"background-image: url(https:\/\/www.cotodegomariz.com\/wp-content\/uploads\/2020\/10\/suelos.jpg)\"><h3>Soils<\/h3><div class=\"sc_button sc_button_square sc_button_style_filled sc_button_size_small\">Learn More<\/div><\/a>\n[\/vc_column_text][\/vc_column][\/vc_row]<\/div><\/div><\/div>[\/vc_column][\/vc_row][\/vc_section]<\/p>\n","protected":false},"excerpt":{"rendered":"<p>[vc_row el_class=&#8221;margin_bottom_large&#8221;][vc_column][vc_row_inner][vc_column_inner width=&#8221;1\/2&#8243;][vc_column_text] O FIGUEIRAL In the year 1978 ricardo Carreiro and his wife Mar\u00eda \u00c1lvarez recuperated what is today the first of the estates of Coto de Gomariz: Finca O Figueiral, where the first steps were taken to recuperating autochthonous varieties of the Ribeiro. Since replanting in O Figueiral, Coto de Gomariz was born. [&hellip;]<\/p>\n","protected":false},"author":1,"featured_media":0,"parent":1978,"menu_order":0,"comment_status":"closed","ping_status":"closed","template":"","meta":[],"acf":[],"aioseo_notices":[],"_links":{"self":[{"href":"https:\/\/www.cotodegomariz.com\/en\/wp-json\/wp\/v2\/pages\/1990\/"}],"collection":[{"href":"https:\/\/www.cotodegomariz.com\/en\/wp-json\/wp\/v2\/pages\/"}],"about":[{"href":"https:\/\/www.cotodegomariz.com\/en\/wp-json\/wp\/v2\/types\/page\/"}],"author":[{"embeddable":true,"href":"https:\/\/www.cotodegomariz.com\/en\/wp-json\/wp\/v2\/users\/1\/"}],"replies":[{"embeddable":true,"href":"https:\/\/www.cotodegomariz.com\/en\/wp-json\/wp\/v2\/comments\/?post=1990"}],"version-history":[{"count":4,"href":"https:\/\/www.cotodegomariz.com\/en\/wp-json\/wp\/v2\/pages\/1990\/revisions\/"}],"predecessor-version":[{"id":2151,"href":"https:\/\/www.cotodegomariz.com\/en\/wp-json\/wp\/v2\/pages\/1990\/revisions\/2151\/"}],"up":[{"embeddable":true,"href":"https:\/\/www.cotodegomariz.com\/en\/wp-json\/wp\/v2\/pages\/1978\/"}],"wp:attachment":[{"href":"https:\/\/www.cotodegomariz.com\/en\/wp-json\/wp\/v2\/media\/?parent=1990"}],"curies":[{"name":"wp","href":"https:\/\/api.w.org\/{rel}","templated":true}]}}