{"id":2058,"date":"2020-11-16T12:27:27","date_gmt":"2020-11-16T11:27:27","guid":{"rendered":"https:\/\/www.cotodegomariz.com\/producto\/coto-de-gomariz\/"},"modified":"2023-05-19T10:56:30","modified_gmt":"2023-05-19T08:56:30","slug":"coto-de-gomariz","status":"publish","type":"product","link":"https:\/\/www.cotodegomariz.com\/en\/producto\/coto-de-gomariz\/","title":{"rendered":"Coto de Gomariz"},"content":{"rendered":"","protected":false},"excerpt":{"rendered":"<p>This is the white wine that best expresses the \u201cterroir\u201d of Gomariz given that it is made from the most well-adapted white grapes (Treixadura, Godello, Albari\u00f1o, Loureira) coming from the vines in the parish of Gomariz: O Figueiral, A fonte, Pr\u00e9stimo, Vi\u00f1a Grande, Lavandeira, A Cerrada, Lama de Barco, with clay, schist and sandy granite soils.<\/p>\n<p>Coto de Gomariz pays homage to the history of our vineyard located in the oldest, wine producing area on the Iberian Peninsula since the 10th Century (dende o S\u00e9culo X in Galician).<\/p>\n<p>It is the most gastronomically versatile white wine made under the Ribeiro name in our winery. Hugely aromatic, herbal, meaty, fresh and long.<\/p>\n<p>Boxes of 12 and boxes of 6 bottles, gifts, sets of 3 and wooden magnum box. Produced in 750ml and 1500ml (magnum).<\/p>\n<p>More detailed information in the file and pictures to download in &#8220;<a href=\"http:\/\/losvinosdemiguel.com\/\" target=\"_blank\" rel=\"noopener noreferrer\">Los Vinos de Miguel<\/a>&#8221;<\/p>\n<p><strong>IGP (D.O)<\/strong>: Ribeiro<br \/>\n<strong>Varieties<\/strong>: Treixadura, Godello, Albari\u00f1o, Loureira<br \/>\n<strong>Annual Average Production (Bottles)<\/strong>: 60.000<\/p>\n","protected":false},"featured_media":7106,"comment_status":"open","ping_status":"closed","template":"","meta":[],"product_cat":[66,67],"product_tag":[],"acf":[],"aioseo_notices":[],"_links":{"self":[{"href":"https:\/\/www.cotodegomariz.com\/en\/wp-json\/wp\/v2\/product\/2058\/"}],"collection":[{"href":"https:\/\/www.cotodegomariz.com\/en\/wp-json\/wp\/v2\/product\/"}],"about":[{"href":"https:\/\/www.cotodegomariz.com\/en\/wp-json\/wp\/v2\/types\/product\/"}],"replies":[{"embeddable":true,"href":"https:\/\/www.cotodegomariz.com\/en\/wp-json\/wp\/v2\/comments\/?post=2058"}],"wp:featuredmedia":[{"embeddable":true,"href":"https:\/\/www.cotodegomariz.com\/en\/wp-json\/wp\/v2\/media\/7106\/"}],"wp:attachment":[{"href":"https:\/\/www.cotodegomariz.com\/en\/wp-json\/wp\/v2\/media\/?parent=2058"}],"wp:term":[{"taxonomy":"product_cat","embeddable":true,"href":"https:\/\/www.cotodegomariz.com\/en\/wp-json\/wp\/v2\/product_cat\/?post=2058"},{"taxonomy":"product_tag","embeddable":true,"href":"https:\/\/www.cotodegomariz.com\/en\/wp-json\/wp\/v2\/product_tag\/?post=2058"}],"curies":[{"name":"wp","href":"https:\/\/api.w.org\/{rel}","templated":true}]}}