{"id":2064,"date":"2020-11-13T12:41:25","date_gmt":"2020-11-13T11:41:25","guid":{"rendered":"https:\/\/www.cotodegomariz.com\/producto\/abadia-de-gomariz\/"},"modified":"2023-05-19T10:57:34","modified_gmt":"2023-05-19T08:57:34","slug":"abadia-de-gomariz","status":"publish","type":"product","link":"https:\/\/www.cotodegomariz.com\/en\/producto\/abadia-de-gomariz\/","title":{"rendered":"Abad\u00eda de Gomariz"},"content":{"rendered":"","protected":false},"excerpt":{"rendered":"<p>This is the aged, red wine that best expresses the terroir of Gomariz given that it is made of the most well-adpated red grapes (Souson, Brancellao, Ferrol and some Menc\u00eda) all coming from the vines within the parish of Gomariz: A Vilerma, Vi\u00f1a de Ram\u00f3n, Pr\u00e9stimo, Barreira, O Campo, A Carreira with clay soils, schist and sandy granite. Aged in oak for 12 months and later aged adequately in the bottle.<\/p>\n<p>Abad\u00eda de Gomariz pays homage to the old Abbey from the 10th Century located in Gomariz; the oldest wine producing estate on the Iberian Peninsula (dende o S\u00e9culo X \u2013 since the 10th Century in Galician).<\/p>\n<p>It is one of the most gastronomically versatile Ribeiro reds.<\/p>\n<p>Cases x12, x6, for present, Casex3 and wood case for magnum. 750 ml and 1500 ml (magnum) formats.<\/p>\n<p>More detailed information in the file and pictures to download in &#8220;<a href=\"http:\/\/losvinosdemiguel.com\/\" target=\"_blank\" rel=\"noopener noreferrer\">Los Vinos de Miguel<\/a>&#8221;<\/p>\n<p><strong>IGP (D.O)<\/strong>: Ribeiro<br \/>\n<strong>Varieties<\/strong>: Sous\u00f3n, Brancellao, Ferrol y Menc\u00eda.<br \/>\n<strong>Annual Average Production (Bottles)<\/strong>: 20.000<\/p>\n","protected":false},"featured_media":7108,"comment_status":"open","ping_status":"closed","template":"","meta":[],"product_cat":[69,66],"product_tag":[],"acf":[],"aioseo_notices":[],"_links":{"self":[{"href":"https:\/\/www.cotodegomariz.com\/en\/wp-json\/wp\/v2\/product\/2064\/"}],"collection":[{"href":"https:\/\/www.cotodegomariz.com\/en\/wp-json\/wp\/v2\/product\/"}],"about":[{"href":"https:\/\/www.cotodegomariz.com\/en\/wp-json\/wp\/v2\/types\/product\/"}],"replies":[{"embeddable":true,"href":"https:\/\/www.cotodegomariz.com\/en\/wp-json\/wp\/v2\/comments\/?post=2064"}],"wp:featuredmedia":[{"embeddable":true,"href":"https:\/\/www.cotodegomariz.com\/en\/wp-json\/wp\/v2\/media\/7108\/"}],"wp:attachment":[{"href":"https:\/\/www.cotodegomariz.com\/en\/wp-json\/wp\/v2\/media\/?parent=2064"}],"wp:term":[{"taxonomy":"product_cat","embeddable":true,"href":"https:\/\/www.cotodegomariz.com\/en\/wp-json\/wp\/v2\/product_cat\/?post=2064"},{"taxonomy":"product_tag","embeddable":true,"href":"https:\/\/www.cotodegomariz.com\/en\/wp-json\/wp\/v2\/product_tag\/?post=2064"}],"curies":[{"name":"wp","href":"https:\/\/api.w.org\/{rel}","templated":true}]}}