{"id":2076,"date":"2020-11-11T12:45:51","date_gmt":"2020-11-11T11:45:51","guid":{"rendered":"https:\/\/www.cotodegomariz.com\/producto\/vx-cuvee-primo\/"},"modified":"2022-09-05T14:19:55","modified_gmt":"2022-09-05T12:19:55","slug":"vx-cuvee-primo","status":"publish","type":"product","link":"https:\/\/www.cotodegomariz.com\/en\/producto\/vx-cuvee-primo\/","title":{"rendered":"VX Cuvee Primo"},"content":{"rendered":"","protected":false},"excerpt":{"rendered":"<p>An aged red wine from A Ferreira and Canceli\u00f1a in Gomariz.<\/p>\n<p>A blend of Souson, Cai\u00f1o Longo, Cai\u00f1o Da Terra, Carabu\u00f1eira y Menc\u00eda with 30 months ageing in new French and American oak barrels. No DO label.<\/p>\n<p>Primo was the grandfather of Ricardo Carreiro, owner of the recent winery and this wine is a tribute to him. Primo planted a lot of the winery\u2019s vines and he was a great lover of wine. This wine ages slowly and comfortably in the bottle. It is not made every year, only in exceptional vintages.<br \/>\nVX Caco and Primo are our premium line of red wines. They come from unique plots: A Ferreira and A Canceli\u00f1a.<\/p>\n<p>It was the \u201cexperimental vineyard\u201d where Coto de Gomariz team did their investigating and research into what are the red wines in this area. Today, they express the true and special terroir. Defined as strong, mature and elegant wines with exquisite freshness.<\/p>\n<p>Only Cases x 6, for present, Case x 3 and Wood case for magnums. 750 ml and 1500 ml (magnum) format.<\/p>\n<p>More detailed information in the file and pictures to download in &#8220;<a href=\"http:\/\/losvinosdemiguel.com\/\" target=\"_blank\" rel=\"noopener noreferrer\">Los Vinos de Miguel<\/a>&#8221;<\/p>\n<p><strong>IGP (D.O)<\/strong>: sin D.O.<br \/>\n<strong>Varieties<\/strong>: Sous\u00f3n, Cai\u00f1o Longo, Cai\u00f1o da terra, Carabu\u00f1eira, Menc\u00eda.<br \/>\n<strong>Annual Average Production (Bottles)<\/strong>: 2.500<\/p>\n","protected":false},"featured_media":1314,"comment_status":"open","ping_status":"closed","template":"","meta":[],"product_cat":[72,70],"product_tag":[],"acf":[],"aioseo_notices":[],"_links":{"self":[{"href":"https:\/\/www.cotodegomariz.com\/en\/wp-json\/wp\/v2\/product\/2076\/"}],"collection":[{"href":"https:\/\/www.cotodegomariz.com\/en\/wp-json\/wp\/v2\/product\/"}],"about":[{"href":"https:\/\/www.cotodegomariz.com\/en\/wp-json\/wp\/v2\/types\/product\/"}],"replies":[{"embeddable":true,"href":"https:\/\/www.cotodegomariz.com\/en\/wp-json\/wp\/v2\/comments\/?post=2076"}],"wp:featuredmedia":[{"embeddable":true,"href":"https:\/\/www.cotodegomariz.com\/en\/wp-json\/wp\/v2\/media\/1314\/"}],"wp:attachment":[{"href":"https:\/\/www.cotodegomariz.com\/en\/wp-json\/wp\/v2\/media\/?parent=2076"}],"wp:term":[{"taxonomy":"product_cat","embeddable":true,"href":"https:\/\/www.cotodegomariz.com\/en\/wp-json\/wp\/v2\/product_cat\/?post=2076"},{"taxonomy":"product_tag","embeddable":true,"href":"https:\/\/www.cotodegomariz.com\/en\/wp-json\/wp\/v2\/product_tag\/?post=2076"}],"curies":[{"name":"wp","href":"https:\/\/api.w.org\/{rel}","templated":true}]}}